{"id":433,"date":"2018-03-20T09:09:19","date_gmt":"2018-03-20T09:09:19","guid":{"rendered":"http:\/\/dogshome.cardiffcouncilwebteam.co.uk\/?page_id=433"},"modified":"2025-09-18T15:47:00","modified_gmt":"2025-09-18T15:47:00","slug":"os-dewch-o-hyd-i-gi","status":"publish","type":"page","link":"https:\/\/www.cardiffdogshome.co.uk\/cy\/colli-canfod\/os-dewch-o-hyd-i-gi\/","title":{"rendered":"Os dewch o hyd i gi"},"content":{"rendered":"<div class=\"wpb-content-wrapper\"><p>[vc_row row_id=&#8221;blockq&#8221;][vc_column bg_color=&#8221;#ffffff&#8221; column_padding=&#8221;padding-4&#8243; width=&#8221;2\/3&#8243;][vc_column_text]<\/p>\n<h2>Beth i\u2019w wneud os dewch o hyd i gi<\/h2>\n<p>Os dewch o hyd i gi sy\u2019n amlwg ar goll, edrychwch i weld a yw\u2019n gwisgo coler a disg adnabod.<\/p>\n<p>Mae hi\u2019n ofynnol i chi gysylltu \u00e2\u2019ch awdurdod lleol. Ar gyfer ardal Caerdydd, bydd angen i chi gysylltu \u00e2 Chartref C\u0175n Caerdydd. \u00a0Byddwn yn trefnu i Warden ddod i gasglu\u2019r ci a\u2019i sganio am ficrosglodyn er mwyn ei ddychwelyd yn \u00f4l i\u2019w berchennog. \u00a0Os nad oes microsglodyn, eir \u00e2\u2019r ci i Gartref C\u0175n Caerdydd.<\/p>\n<p>Os nad ydych o ardal Caerdydd, cysylltwch \u00e2\u2019ch awdurdod lleol:<\/p>\n<ul>\n<li><a href=\"http:\/\/www.caerphilly.gov.uk\/Services\/Environmental-health-and-pollution\/Report-an-issue\/Dog-related-issues\/Stray-dogs?lang=cy-gb\" target=\"_blank\" rel=\"noopener\">Caerffili\u00a0<\/a><\/li>\n<li><a href=\"https:\/\/www.rctcbc.gov.uk\/CY\/Resident\/EnvironmentalHealthandPollution\/PestControl\/Lostorstraydogs.aspx\" target=\"_blank\" rel=\"noopener\">Rhondda Cynon Taf\u00a0<\/a><\/li>\n<li><a href=\"http:\/\/www.srs.wales\/cy\/Trading-Standards\/Animal-Health-and-Welfare\/Dog-and-Animal-Wardens.aspx\" target=\"_blank\" rel=\"noopener\">Bro Morgannwg <\/a><\/li>\n<li><a href=\"https:\/\/services.newport.gov.uk\/forms\/form\/361\/en\/contact_the_dog_warden\" target=\"_blank\" rel=\"noopener\">Casnewydd<\/a>.<\/li>\n<\/ul>\n<p>Mae\u2019r Gwasanaeth Wardeniaid C\u0175n ar gael rhwng 08.30 a 17.00 o ddydd Llun tan ddydd iau a rhwng 08.30 tan 16.30 ar ddydd Gwener. \u00a0Nid oes unrhyw Wasanaeth Wardeiniaid ar ddydd Sadwrn na dydd Sul, na gwyliau\u2019r banc.<\/p>\n<p>Mae staff yn gweithio yn y Cartref C\u0175n bob awr o\u2019r dydd a nos ac mae ar agor i gymryd c\u0175n strae ar unrhyw adeg. \u00a0Byddai\u2019n ddefnyddiol pe baech yn ein ffonio ni\u2019n gyntaf ac yn rhoi gwybod i\u2019r staff eich bod chi\u2019n dod \u00e2 chi i mewn.<\/p>\n<p>Gallwch hefyd fynd \u00e2\u2019r ci at filfeddyg lle gallant sganio am ficrosglodyn ond sylwch nad oes gan y milfeddyg hawl i roi unrhyw wybodaeth i chi am y perchennog a bydd yn cadw\u2019r ci ac yn ei adrodd i\u2019r Gwasanaeth Wardeiniaid.<\/p>\n<p>Os ydych chi\u2019n awyddus i ailgartrefu\u2019r ci, bydd angen i chi ddilyn y broses ymgeisio a pharu arferol.<\/p>\n<h2>Cyflwyno adroddiad<\/h2>\n<p>Anfonwch <a href=\"mailto:cardiffdogshome@cardiff.gov.uk\">e-bost<\/a> atom gan gynnwys cymaint o wybodaeth \u00e2 phosibl neu ffoniwch ni ar 029 2071 1243<\/p>\n<p>Os ydych chi\u2019n anfon e-bost, ceisiwch gynnwys:<\/p>\n<ul>\n<li>Eich enw a\u2019ch rhif ff\u00f4n<\/li>\n<li>Math y ci<\/li>\n<li>Lliw<\/li>\n<li>Coer (math a lliw)<\/li>\n<li>Ardal lle daethoch o hyd iddo a dyddiad\/amser<\/li>\n<li>Unrhyw luniau o\u2019r ci<\/li>\n<\/ul>\n<p>[\/vc_column_text][vc_column_text]<\/p>\n<div class=\"note\">Fe ymchwiliwn i weld a yw\u2019r perchennog wedi cofnodi ei fod ar goll. Os yw wedi, fe geisiwn aduno\u2019r ci \u00e2\u2019r perchennog heb orfod dod \u00e2\u2019r ci i\u2019r cartref. Os nad oes cofnod bod y ci ar goll, daw\u2019r Warden C\u0175n i\u2019w gasglu gennych yn ystod oriau gwaith. Gallwch hefyd ddod \u00e2 chi strae yn syth atom yn y cartref c\u0175n ar unrhyw adeg. Mae rhywun yma 24 awr y dydd i dderbyn c\u0175n strae. Os yw\u2019n bosibl, <a href=\"https:\/\/www.cardiffdogshome.co.uk\/cy\/cysylltu-a-ni\/\">cysylltwch \u00e2 ni<\/a> cyn dod \u00e2 chi atom y tu allan i\u2019r oriau gwaith arferol.<\/div>\n<p>[\/vc_column_text][\/vc_column][vc_column bg_color=&#8221;#ffffff&#8221; width=&#8221;1\/3&#8243;]<div class=\"spacer\" style=\"height: 40px;\"><\/div><div class=\"single_image wpb_content_element align-center  animate   \" data-animation=\"fade-in-from-right\" data-delay=\"0\"><img decoding=\"async\" width=\"1024\" height=\"1025\" data-src=\"https:\/\/www.cardiffdogshome.co.uk\/wp-content\/uploads\/adorable-animal-breed-159541.jpg\" class=\"attachment-full lazyload\" alt=\"photo of a dog\" title=\"adorable-animal-breed-159541\" data-srcset=\"https:\/\/www.cardiffdogshome.co.uk\/wp-content\/uploads\/adorable-animal-breed-159541.jpg 1024w, https:\/\/www.cardiffdogshome.co.uk\/wp-content\/uploads\/adorable-animal-breed-159541-150x150.jpg 150w, https:\/\/www.cardiffdogshome.co.uk\/wp-content\/uploads\/adorable-animal-breed-159541-300x300.jpg 300w, https:\/\/www.cardiffdogshome.co.uk\/wp-content\/uploads\/adorable-animal-breed-159541-768x769.jpg 768w, https:\/\/www.cardiffdogshome.co.uk\/wp-content\/uploads\/adorable-animal-breed-159541-1023x1024.jpg 1023w, https:\/\/www.cardiffdogshome.co.uk\/wp-content\/uploads\/adorable-animal-breed-159541-80x80.jpg 80w, https:\/\/www.cardiffdogshome.co.uk\/wp-content\/uploads\/adorable-animal-breed-159541-500x500.jpg 500w, https:\/\/www.cardiffdogshome.co.uk\/wp-content\/uploads\/adorable-animal-breed-159541-1000x1000.jpg 1000w\" data-sizes=\"(max-width: 1024px) 100vw, 1024px\" src=\"data:image\/svg+xml;base64,PHN2ZyB3aWR0aD0iMSIgaGVpZ2h0PSIxIiB4bWxucz0iaHR0cDovL3d3dy53My5vcmcvMjAwMC9zdmciPjwvc3ZnPg==\" style=\"--smush-placeholder-width: 1024px; --smush-placeholder-aspect-ratio: 1024\/1025;\" \/><\/div><div class=\"alert-message info\"><div>Ffoniwch ni ar 029 2071 1243<\/div><\/div><div class=\"spacer\" style=\"height: 40px;\"><\/div>[\/vc_column][\/vc_row][vc_row top_padding=&#8221;35&#8243; bottom_padding=&#8221;35&#8243;][vc_column column_padding=&#8221;padding-2&#8243; column_center=&#8221;true&#8221; width=&#8221;1\/1&#8243;][vc_column_text]<blockquote><p>Byddwch yn ofalus iawn wrth ystyried rhoi manylion ar y cyfryngau cymdeithasol. Er bod hynny\u2019n ddefnyddiol iawn a gallai eich helpu i ddod o hyd i\u2019r perchennog, mae\u2019n bosibl y dewch ar draws pobl sy\u2019n honni\u2019n gelwyddog mai nhw yw perchennog y ci. Rhowch gyn lleied o wybodaeth \u00e2 phosibl. Os yw rhywun yn wir wedi colli ei gi, bydd yn gwybod yr union fanylion amdano, o ran ei liw, maint, math ac ym mhle yr aeth ar goll. Mae lluniau\u2019n cynnwys llawer o wybodaeth felly byddwch yn wyliadwrus ynghylch eu defnyddio.<\/p><\/blockquote>[\/vc_column_text][\/vc_column][\/vc_row][vc_row][vc_column bg_color=&#8221;#ffffff&#8221; column_padding=&#8221;padding-4&#8243; width=&#8221;1\/1&#8243;][vc_column_text]<\/p>\n<h2 style=\"text-align: center;\">Y c\u0175n diweddaraf i gyrraedd y cartref<\/h2>\n<p style=\"text-align: center;\">Isod mae\u2019r c\u0175n a ddaeth i\u2019r cartref yn y 7 niwrnod diwethaf.<\/p>\n<p style=\"text-align: center;\"><div class=\"pt-cv-wrapper\"><div class=\"pt-cv-view pt-cv-grid pt-cv-colsys\" id=\"pt-cv-view-c9f3196nyw\"><div data-id=\"pt-cv-page-1\" class=\"pt-cv-page cv-npf\" data-cvc=\"2\"><div class=\"col-md-6 col-sm-6 col-xs-12 pt-cv-content-item pt-cv-1-col\" ><div class='pt-cv-ifield'><div class=\"pt-cv-no-post\">Dim gyfleoedd ar gael.<\/div><\/div><\/div><\/div><\/div><\/div>\n<p>[\/vc_column_text][\/vc_column][\/vc_row]<\/p>\n<\/div>","protected":false},"excerpt":{"rendered":"<p>[vc_row row_id=&#8221;blockq&#8221;][vc_column bg_color=&#8221;#ffffff&#8221; column_padding=&#8221;padding-4&#8243; width=&#8221;2\/3&#8243;][vc_column_text] Beth i\u2019w wneud os dewch o hyd i gi Os dewch o hyd i gi sy\u2019n amlwg ar goll, edrychwch i weld a yw\u2019n gwisgo coler a disg adnabod. Mae hi\u2019n ofynnol i chi gysylltu \u00e2\u2019ch awdurdod lleol. Ar gyfer ardal Caerdydd, bydd angen i chi gysylltu \u00e2 Chartref C\u0175n Caerdydd. \u00a0Byddwn yn trefnu i Warden ddod i gasglu\u2019r ci a\u2019i sganio am ficrosglodyn er mwyn ei ddychwelyd yn \u00f4l i\u2019w berchennog. \u00a0Os nad oes microsglodyn, eir \u00e2\u2019r ci i Gartref C\u0175n Caerdydd. Os nad ydych o ardal Caerdydd, cysylltwch \u00e2\u2019ch awdurdod lleol: Caerffili\u00a0 Rhondda Cynon Taf\u00a0 Bro Morgannwg Casnewydd. Mae\u2019r Gwasanaeth Wardeniaid C\u0175n ar gael rhwng 08.30 a 17.00 o ddydd Llun tan ddydd iau a rhwng 08.30 tan 16.30 ar ddydd Gwener. \u00a0Nid oes unrhyw Wasanaeth Wardeiniaid ar ddydd Sadwrn na dydd Sul, na gwyliau\u2019r banc. Mae staff yn gweithio yn y Cartref C\u0175n bob awr o\u2019r dydd a nos ac mae ar agor i gymryd c\u0175n strae ar unrhyw adeg. \u00a0Byddai\u2019n ddefnyddiol pe baech yn ein ffonio ni\u2019n gyntaf ac yn rhoi gwybod i\u2019r staff eich bod chi\u2019n dod \u00e2 chi i mewn. Gallwch hefyd fynd \u00e2\u2019r ci at filfeddyg lle gallant [&hellip;]<\/p>\n","protected":false},"author":11,"featured_media":0,"parent":572,"menu_order":0,"comment_status":"closed","ping_status":"closed","template":"","meta":{"_acf_changed":false,"footnotes":""},"class_list":["post-433","page","type-page","status-publish","hentry"],"acf":[],"_links":{"self":[{"href":"https:\/\/www.cardiffdogshome.co.uk\/cy\/wp-json\/wp\/v2\/pages\/433","targetHints":{"allow":["GET"]}}],"collection":[{"href":"https:\/\/www.cardiffdogshome.co.uk\/cy\/wp-json\/wp\/v2\/pages"}],"about":[{"href":"https:\/\/www.cardiffdogshome.co.uk\/cy\/wp-json\/wp\/v2\/types\/page"}],"author":[{"embeddable":true,"href":"https:\/\/www.cardiffdogshome.co.uk\/cy\/wp-json\/wp\/v2\/users\/11"}],"replies":[{"embeddable":true,"href":"https:\/\/www.cardiffdogshome.co.uk\/cy\/wp-json\/wp\/v2\/comments?post=433"}],"version-history":[{"count":9,"href":"https:\/\/www.cardiffdogshome.co.uk\/cy\/wp-json\/wp\/v2\/pages\/433\/revisions"}],"predecessor-version":[{"id":20810,"href":"https:\/\/www.cardiffdogshome.co.uk\/cy\/wp-json\/wp\/v2\/pages\/433\/revisions\/20810"}],"up":[{"embeddable":true,"href":"https:\/\/www.cardiffdogshome.co.uk\/cy\/wp-json\/wp\/v2\/pages\/572"}],"wp:attachment":[{"href":"https:\/\/www.cardiffdogshome.co.uk\/cy\/wp-json\/wp\/v2\/media?parent=433"}],"curies":[{"name":"wp","href":"https:\/\/api.w.org\/{rel}","templated":true}]}}