{"id":444,"date":"2018-03-20T09:53:08","date_gmt":"2018-03-20T09:53:08","guid":{"rendered":"http:\/\/dogshome.cardiffcouncilwebteam.co.uk\/?page_id=444"},"modified":"2025-09-18T12:32:39","modified_gmt":"2025-09-18T12:32:39","slug":"os-collwch-gi","status":"publish","type":"page","link":"https:\/\/www.cardiffdogshome.co.uk\/cy\/colli-canfod\/os-collwch-gi\/","title":{"rendered":"Os collwch gi"},"content":{"rendered":"<div class=\"wpb-content-wrapper\"><p>[vc_row bg_color=&#8221;#ffffff&#8221; top_padding=&#8221;45&#8243; bottom_padding=&#8221;45&#8243;][vc_column width=&#8221;2\/3&#8243;][vc_column_text]<\/p>\n<h2>Os collwch eich ci, rydym yma i helpu<\/h2>\n<p>Cyn gynted ag y byddwch yn ymwybodol bod eich ci ar goll, ffoniwch Cartref C\u0175n Caerdydd ar 02920 711243 byddwn yn cymryd y manylion i gyd ac yn eich cynghori beth i&#8217;w wneud nesaf.<\/p>\n<p>Mae\u2019n bosibl bod rhywun wedi dod \u00e2\u2019ch ci i\u2019r cartref neu fod rhywun wedi adrodd eu bod wedi ei weld.<\/p>\n<p>Gallwch hefyd ffonio\u2019r Filfeddygfa leol rhag ofn bod eich ci wedi ei anafu a bod rhywun wedi mynd ag e yno.[\/vc_column_text][vc_column_text]<\/p>\n<p>Deallwch fod cost ddyddiol am fwyd, llety, sylw meddygol a chostau brechu, yn ogystal \u00e2 dirwy statudol gan y llywodraeth. Bydd hon o leiaf \u00a345 os daw eich ci i\u2019r cartref.<\/p>\n<p>Os ydych yn credu efallai bod eich ci gennym, cysylltwch \u00e2 ni cyn gynted \u00e2 phosibl. Bydd gofyn i chi ddod i\u2019r cartref c\u0175n gyda thystiolaeth mai chi yw\u2019r perchennog e.e. rhif y microsglodyn, cofnod brechu, tystysgrifau pedigri neu lun o\u2019ch ci.<\/p>\n<p>Rydym yn cadw c\u0175n am saith niwrnod ac yna d\u00f4nt yn eiddo i Gartref C\u0175n Caerdydd, ond rydym yn derbyn ceisiadau gan bobl \u00e2 diddordeb yn y cyfamser felly cysylltwch \u00e2 ni cyn gynted ag y gallwch.<\/p>\n<p>[\/vc_column_text][\/vc_column][vc_column column_padding=&#8221;padding-2&#8243; text_color=&#8221;light&#8221; text_align=&#8221;center&#8221; width=&#8221;1\/3&#8243;][vc_column_text]<\/p>\n<div>\n<p style=\"text-align: center;\"><img decoding=\"async\" class=\"alignnone size-full wp-image-86 lazyload\" data-src=\"https:\/\/www.cardiffdogshome.co.uk\/wp-content\/uploads\/13735250.jpg\" alt=\"Image of a sad dog holding a sign\" width=\"450\" height=\"235\" src=\"data:image\/svg+xml;base64,PHN2ZyB3aWR0aD0iMSIgaGVpZ2h0PSIxIiB4bWxucz0iaHR0cDovL3d3dy53My5vcmcvMjAwMC9zdmciPjwvc3ZnPg==\" style=\"--smush-placeholder-width: 450px; --smush-placeholder-aspect-ratio: 450\/235;\" \/><\/p>\n<\/div>\n<div id=\"boxblue\">\n<p style=\"text-align: center;\">Cyn gynted ag y byddwch yn ymwybodol bod eich ci ar goll, ffoniwch Cartref C\u0175n Caerdydd ar 02920 711243 byddwn yn cymryd y manylion i gyd ac yn eich cynghori beth i&#8217;w wneud nesaf.<\/p>\n<p style=\"text-align: center;\"><i class=\"fa fa-phone\" aria-hidden=\"true\"><\/i> 029 2071 1243<\/p>\n<\/div>\n<p>[\/vc_column_text][\/vc_column][\/vc_row][vc_row][vc_column width=&#8221;1\/1&#8243;]<div class=\"divider divider8\" style='margin:60px 0 60px 0 !important;'><div class=\"divider-icon\"><i class=\"fa fa-paw\"><\/i><\/div><\/div>[\/vc_column][\/vc_row][vc_row type=&#8221;full_width_section&#8221; bg_color=&#8221;#ffffff&#8221; top_padding=&#8221;45&#8243; bottom_padding=&#8221;45&#8243;][vc_column column_padding=&#8221;padding-3&#8243; text_align=&#8221;center&#8221; width=&#8221;1\/1&#8243;][vc_column_text]<\/p>\n<h2>C\u0175n diweddaraf a ddarganfuwyd<\/h2>\n<div class=\"pt-cv-wrapper\"><div class=\"pt-cv-view pt-cv-grid pt-cv-colsys\" id=\"pt-cv-view-c9f3196nyw\"><div data-id=\"pt-cv-page-1\" class=\"pt-cv-page cv-npf\" data-cvc=\"2\"><div class=\"col-md-6 col-sm-6 col-xs-12 pt-cv-content-item pt-cv-1-col\" ><div class='pt-cv-ifield'><div class=\"pt-cv-no-post\">Dim gyfleoedd ar gael.<\/div><\/div><\/div><\/div><\/div><\/div>[\/vc_column_text][\/vc_column][\/vc_row][vc_row][vc_column width=&#8221;1\/1&#8243;]<div class=\"divider divider8\" style='margin:60px 0 60px 0 !important;'><div class=\"divider-icon\"><i class=\"fa fa-paw\"><\/i><\/div><\/div>[\/vc_column][\/vc_row][vc_row type=&#8221;full_width_section&#8221; bg_image=&#8221;91&#8243; parallax_bg=&#8221;true&#8221; top_padding=&#8221;45&#8243; bottom_padding=&#8221;45&#8243;][vc_column column_padding=&#8221;padding-3&#8243; width=&#8221;1\/1&#8243;][vc_column_text]<\/p>\n<h2>Lledaenwch y newyddion yn lleol<\/h2>\n<p>Os nad yw eich ci gennym ac os nad ydym wedi clywed s\u00f4n amdano, fe gymerwn eich manylion rhag ofn y daw i mewn yn hwyrach. Yn y cyfamser, byddai\u2019n werth ehangu ffiniau eich ardal chwilio.<\/p>\n<ul>\n<li>Siaradwch \u00e2\u2019ch cymdogion<\/li>\n<li>Defnyddiwch y cyfryngau cymdeithasol<\/li>\n<li>Cerddwch y llwybr rydych yn ei gerdded fel arfer gyda\u2019ch ci, efallai ei fod wedi penderfynu mynd am dro ei hun<\/li>\n<li>Rhowch bosteri yn eich ardal leol yn disgrifio eich anifail anwes yn ofalus a defnyddiwch lun diweddar<\/li>\n<\/ul>\n<p>[\/vc_column_text][\/vc_column][\/vc_row]<\/p>\n<\/div>","protected":false},"excerpt":{"rendered":"<p>[vc_row bg_color=&#8221;#ffffff&#8221; top_padding=&#8221;45&#8243; bottom_padding=&#8221;45&#8243;][vc_column width=&#8221;2\/3&#8243;][vc_column_text] Os collwch eich ci, rydym yma i helpu Cyn gynted ag y byddwch yn ymwybodol bod eich ci ar goll, ffoniwch Cartref C\u0175n Caerdydd ar 02920 711243 byddwn yn cymryd y manylion i gyd ac yn eich cynghori beth i&#8217;w wneud nesaf. Mae\u2019n bosibl bod rhywun wedi dod \u00e2\u2019ch ci i\u2019r cartref neu fod rhywun wedi adrodd eu bod wedi ei weld. Gallwch hefyd ffonio\u2019r Filfeddygfa leol rhag ofn bod eich ci wedi ei anafu a bod rhywun wedi mynd ag e yno.[\/vc_column_text][vc_column_text] Deallwch fod cost ddyddiol am fwyd, llety, sylw meddygol a chostau brechu, yn ogystal \u00e2 dirwy statudol gan y llywodraeth. Bydd hon o leiaf \u00a345 os daw eich ci i\u2019r cartref. Os ydych yn credu efallai bod eich ci gennym, cysylltwch \u00e2 ni cyn gynted \u00e2 phosibl. Bydd gofyn i chi ddod i\u2019r cartref c\u0175n gyda thystiolaeth mai chi yw\u2019r perchennog e.e. rhif y microsglodyn, cofnod brechu, tystysgrifau pedigri neu lun o\u2019ch ci. Rydym yn cadw c\u0175n am saith niwrnod ac yna d\u00f4nt yn eiddo i Gartref C\u0175n Caerdydd, ond rydym yn derbyn ceisiadau gan bobl \u00e2 diddordeb yn y cyfamser felly cysylltwch \u00e2 ni cyn gynted ag y gallwch. [\/vc_column_text][\/vc_column][vc_column column_padding=&#8221;padding-2&#8243; [&hellip;]<\/p>\n","protected":false},"author":11,"featured_media":0,"parent":572,"menu_order":0,"comment_status":"closed","ping_status":"closed","template":"","meta":{"_acf_changed":false,"footnotes":""},"class_list":["post-444","page","type-page","status-publish","hentry"],"acf":[],"_links":{"self":[{"href":"https:\/\/www.cardiffdogshome.co.uk\/cy\/wp-json\/wp\/v2\/pages\/444","targetHints":{"allow":["GET"]}}],"collection":[{"href":"https:\/\/www.cardiffdogshome.co.uk\/cy\/wp-json\/wp\/v2\/pages"}],"about":[{"href":"https:\/\/www.cardiffdogshome.co.uk\/cy\/wp-json\/wp\/v2\/types\/page"}],"author":[{"embeddable":true,"href":"https:\/\/www.cardiffdogshome.co.uk\/cy\/wp-json\/wp\/v2\/users\/11"}],"replies":[{"embeddable":true,"href":"https:\/\/www.cardiffdogshome.co.uk\/cy\/wp-json\/wp\/v2\/comments?post=444"}],"version-history":[{"count":7,"href":"https:\/\/www.cardiffdogshome.co.uk\/cy\/wp-json\/wp\/v2\/pages\/444\/revisions"}],"predecessor-version":[{"id":20787,"href":"https:\/\/www.cardiffdogshome.co.uk\/cy\/wp-json\/wp\/v2\/pages\/444\/revisions\/20787"}],"up":[{"embeddable":true,"href":"https:\/\/www.cardiffdogshome.co.uk\/cy\/wp-json\/wp\/v2\/pages\/572"}],"wp:attachment":[{"href":"https:\/\/www.cardiffdogshome.co.uk\/cy\/wp-json\/wp\/v2\/media?parent=444"}],"curies":[{"name":"wp","href":"https:\/\/api.w.org\/{rel}","templated":true}]}}