{"id":470,"date":"2018-03-20T10:38:45","date_gmt":"2018-03-20T10:38:45","guid":{"rendered":"http:\/\/dogshome.cardiffcouncilwebteam.co.uk\/?page_id=470"},"modified":"2025-09-18T10:27:15","modified_gmt":"2025-09-18T10:27:15","slug":"cofrestru-i-ailgartrefu","status":"publish","type":"page","link":"https:\/\/www.cardiffdogshome.co.uk\/cy\/rhowch-gartref-i-gi\/cofrestru-i-ailgartrefu\/","title":{"rendered":"Cofrestru i ailgartrefu"},"content":{"rendered":"<p>Ni allwch ymweld \u00e2&#8217;n cytiau heb apwyntiad.<\/p>\n<p>Byddwn yn rhoi apwyntiad i chi ymweld \u00e2 chi os byddwn yn eich paru ag un.<\/p>\n<p>Gallwch <a href=\"https:\/\/www.cardiffdogshome.co.uk\/cy\/cysylltu-a-ni\/\">gysylltu \u00e2 ni<\/a> i drafod unrhyw ymholiadau sydd gennych.<\/p>\n<h2>Os oes gennych chi ddiddordeb mewn ailgartrefu ci<\/h2>\n<p>Mae nifer o gamau y gallwch eu cymryd os oes gennych ddiddordeb mewn ailgartrefu ci:<\/p>\n<ol>\n<li>Gwneud gwaith ymchwil ar y br\u00eed, yr oedran a\u2019r maint i weld pa fath o gi allai fod orau i\u2019ch ffordd o fyw.<\/li>\n<li>Penderfynu ar y ci yr hoffech chi ei ailgartrefu.<\/li>\n<li>A fyddech gystal \u00e2 <a href=\"https:\/\/www.cardiffdogshome.co.uk\/wp-content\/uploads\/Application-to-Adopt-Cymraeg.docx\">lawrlwytho a chwblhau ffurflen gais<\/a> a\u2019i chyflwyno dros e-bost i <a href=\"mailto:cartrefcwncaerdydd@caerdydd.gov.uk\">cartrefcwncaerdydd@caerdydd.gov.uk<\/a>. Os oes gennych ardd, cofiwch gynnwys lluniau ohoni gyda\u2019ch cais.<\/li>\n<\/ol>\n<h2>Os ydych yn gwneud cais i ailgartrefu ci<\/h2>\n<p>Byddwn yn edrych ar eich cais o fewn 2 i 5 diwrnod calendr.<\/p>\n<p>Os cewch eich paru \u00e2\u2019r ci y gwnaethoch chi gais amdano, byddwn ni\u2019n cysylltu \u00e2 chi er mwyn gwneud apwyntiad i chi gwrdd \u00e2\u2019ch gilydd.<\/p>\n<p>Os na fyddwn ni\u2019n credu eich bod yn addas i gael y ci rydych chi wedi gwneud cais amdano neu os bydd y ci hwnnw wedi cael ei baru eisoes, byddwn ni\u2019n argymell ci arall os byddwn ni\u2019n teimlo bod gennym ni un a fydd yn addas i chi.<\/p>\n<p>Os na fyddwch yn clywed unrhyw beth o fewn 7 diwrnod calendr, mae&#8217;n golygu nad ydych wedi cael eich dewis i ailgartrefu&#8217;r ci yr ydych wedi gwneud cais amdano.\u00a0 Byddwn yn dal i gadw&#8217;ch cais ar ffeil i weld a allwn eich paru \u00e2 chi arall.<\/p>\n<h2>Y weithdrefn ailgartrefu<\/h2>\n<ul>\n<li>Pan fyddwn yn paru ci \u00e2 rhywun, bydd y ci yn ymddangos fel un sydd wedi&#8217;i gadw ar y dudalen <a href=\"https:\/\/www.cardiffdogshome.co.uk\/cy\/rhowch-gartref-i-gi\/cwn-sydd-ar-gael-iw-hailgartrefu\/\">C\u0175n sydd ar gael<\/a>.<\/li>\n<li>Os bydd y pariad hwn yn llwyddiannus ac rydym yn dod o hyd i gartref parhaol i&#8217;r ci, bydd y ci yn ymddangos ar y dudalen <a href=\"https:\/\/www.cardiffdogshome.co.uk\/cy\/rhowch-gartref-i-gi\/cwn-sydd-wediu-hailgartrefu\/\">c\u0175n sydd wedi&#8217;u hailgartrefu<\/a> .<\/li>\n<li>Os na fydd y pariad hwn yn llwyddiannus, bydd y ci yn ailymddangos ar y dudalen C\u0175n sydd ar gael a byddwn yn ailystyried pob cais gwreiddiol. Ni allwn gysylltu \u00e2 phob ymgeisydd oherwydd nifer y ceisiadau a dderbyniwn.<\/li>\n<\/ul>\n<p>Os penderfynwn fod angen cyfnod maethu byr ar gi mewn cartref cyn i\u2019r trefniant ddod yn barhaol, bydd y ci hwn yn ymddangos ar y dudalen <a href=\"https:\/\/www.cardiffdogshome.co.uk\/cy\/rhowch-gartref-i-gi\/cwn-fostered\/\">C\u0175n sydd wedi&#8217;u maethu<\/a>. Rydym yn gwneud hyn ar gyfer c\u0175n ag anghenion penodol yn unig.<\/p>\n<h2>Os byddwn yn mynd \u00e2&#8217;ch cais ymhellach<\/h2>\n<p>Rydym yn ymdrin yn bennaf \u00e2 ch\u0175n crwydrol. Mae hyn yn golygu na fyddwn yn gallu rhoi mwy o wybodaeth am y ci na&#8217;r hyn sydd eisoes wedi&#8217;i ysgrifennu ar y wefan.<\/p>\n<p>Os ydym yn credu eich bod chi\u2019n addas, byddwn yn cysylltu \u00e2 chi i drafod eich cais. Byddwn yn gwneud 2 apwyntiad i chi gwrdd \u00e2&#8217;r ci.<\/p>\n<p>Ar gyfer eich apwyntiad cyntaf, byddwn yn eich gwahodd i gwrdd \u00e2&#8217;r ci, i weld sut rydych chi&#8217;n ymateb i&#8217;ch gilydd.\u00a0 Mae\u2019r ail apwyntiad ar gyfer cyflwyno&#8217;r ci i unrhyw anifeiliaid anwes eraill, oedolion neu blant a fydd yn byw yn yr un cartref. Bydd y ddau apwyntiad yn y Cartref C\u0175n.<\/p>\n<p>Os bydd y cyflwyniadau hyn yn mynd yn dda, byddwn yn ailgartrefu&#8217;r ci gyda chi yn barhaol.<\/p>\n<p>Os bydd angen, efallai y byddwn yn trafod caniat\u00e1u cyfnod maethu i chi am gyfnod penodol o amser, i weld a yw hyn yn gweithio&#8217;n barhaol.<\/p>\n<h2>Sut rydym yn gwneud penderfyniadau ar baru ac ail-gartrefu<\/h2>\n<p>Mae ein penderfyniadau\u2019n seiliedig ar:<\/p>\n<ul>\n<li>eich ffurflen gais bapur,<\/li>\n<li>canlyniad eich cyfarfod cyntaf,<\/li>\n<li>canlyniad cyflwyniadau i anifeiliaid anwes eraill, oedolion neu blant a fydd yn byw yn yr un cartref,<\/li>\n<li>anghenion y ci, a sut mae&#8217;r rhain yn cyd-fynd \u00e2&#8217;ch amgylchiadau,<\/li>\n<li>geirdaon gan filfeddygon (unrhyw hanes meddygol eich ci presennol neu flaenorol),<\/li>\n<li>caniat\u00e2d ysgrifenedig i gael ci yn eich eiddo (os ydych chi\u2019n byw mewn eiddo rhent),<\/li>\n<li>gwiriadau cartref a wneir trwy alwad fideo a lluniau (neu&#8217;n bersonol, os oes angen), ac<\/li>\n<li>asesiad o ymddygiad y ci.<\/li>\n<\/ul>\n<h2>Ar \u00f4l i ni ailgartrefu ci gyda chi<\/h2>\n<p>Bydd y rhan fwyaf o g\u0175n yn cymryd ychydig wythnosau i ymgartrefu. Weithiau gall hyn gymryd ychydig fisoedd. Mae angen amser ac amynedd gyda ch\u0175n sydd wedi dod o gartref c\u0175n.<\/p>\n<p>Os nad yw\u2019r ci yn ymgartrefu ar \u00f4l y cyfnod hwn, rydym yn disgwyl i chi gysylltu \u00e2 ni am gyngor a chymorth pellach.<\/p>\n<p>Os nad yw&#8217;r ci yn ymgartrefu ar \u00f4l hyn, byddwn wedyn yn siarad am ddod o hyd i gartref arall iddo.<\/p>\n<h2>Ffioedd<\/h2>\n<p>Gall ffioedd ailgartrefu amrywio o \u00a3250 i \u00a3550.\u00a0 Ar gyfer c\u0175n bach, \u00a3300 yw\u2019r ffi.<\/p>\n<p>Mae\u2019r ffi hon yn cynnwys y brechiadau cyntaf a\u2019r ail frechiadau, microsglodynnu, a\u2019r triniaethau chwain a llyngyr cyntaf.<\/p>\n<p>Nid ydym yn rhoi ad-daliadau ar gyfer c\u0175n sy&#8217;n cael eu dychwelyd, ond efallai y byddwch yn gallu ailgartrefu ci arall am ddim. Bydd hyn yn dibynnu ar pam eich bod wedi dychwelyd y ci.<\/p>\n<h2>Ysbaddu<\/h2>\n<ul>\n<li>Rhaid i bob un o&#8217;n c\u0175n sy&#8217;n oedolion gael eu hysbaddu cyn cael eu hailgartrefu.<\/li>\n<li>Mae&#8217;n rhaid dod \u00e2 ch\u0175n bach yn \u00f4l atom i gael eu hysbaddu ar ddyddiad y cytunwyd arno.<\/li>\n<li>Mae&#8217;r costau hyn fel arfer yn cael eu talu gan ein helusen, <a href=\"https:\/\/therescuehotel.com\/\">Rescue Hotel<\/a>.<\/li>\n<\/ul>\n<p>Byddwn yn trafod hyn gyda chi os ydych yn ailgartrefu ci.<\/p>\n<p>Os na fydd y gwasanaeth hwn ar gael yn y dyfodol, bydd angen i chi dalu unrhyw ffioedd ysbaddu cyn i&#8217;r ci gael ei ailgartrefu. Yn yr achos hwn, gall ein milfeddyg gyflawni&#8217;r weithdrefn am gost isel (\u00a3230 i ysbaddu c\u0175n benywaidd, \u00a3130 i ysbaddu c\u0175n gwrywaidd). Ffoniwch 02921202975 neu ewch i <a href=\"https:\/\/therescuehotelhealthcentre.com\/\">The Rescue Hotel Health Centre<\/a> i archebu.<\/p>\n<h2>Y rhesymau pam na fyddem yn ailgartrefu ci gyda chi<\/h2>\n<ul>\n<li>Ni fyddwn yn ailgartrefu ci gyda chi os ydych yn byw mewn eiddo heb yr hawl i gadw anifeiliaid anwes. Os ydych yn byw mewn eiddo rhent, gofynnwn i\u2019r landlord roi i ni ganiat\u00e2d ysgrifenedig i chi gadw anifeiliaid. Os yw hyn eisoes wedi\u2019i nodi yn y cytundeb tenantiaeth, bydd hynny\u2019n dystiolaeth ddigonol.<\/li>\n<li>Ni fyddwn yn ailgartrefu ci gyda chi os ydych wedi cael eich anghymwyso dan ddeddf lles anifeiliaid.<\/li>\n<li>Ni fyddwn yn ailgartrefu ci gyda chi os gallech fod yn symud dramor, i wlad y tu allan i\u2019r Cynllun Teithio i Anifeiliaid Anwes.<\/li>\n<li>Ni fyddwn yn ailgartrefu ci gyda chi os oes rhywbeth sylweddol ar fin digwydd yn eich bywyd. Er enghraifft, symud t\u0177, cael babi, neu fynd ar wyliau.<\/li>\n<\/ul>\n<p>&nbsp;<\/p>\n<p>&nbsp;<\/p>\n","protected":false},"excerpt":{"rendered":"<p>Ni allwch ymweld \u00e2&#8217;n cytiau heb apwyntiad. Byddwn yn rhoi apwyntiad i chi ymweld \u00e2 chi os byddwn yn eich paru ag un. Gallwch gysylltu \u00e2 ni i drafod unrhyw ymholiadau sydd gennych. Os oes gennych chi ddiddordeb mewn ailgartrefu ci Mae nifer o gamau y gallwch eu cymryd os oes gennych ddiddordeb mewn ailgartrefu ci: Gwneud gwaith ymchwil ar y br\u00eed, yr oedran a\u2019r maint i weld pa fath o gi allai fod orau i\u2019ch ffordd o fyw. Penderfynu ar y ci yr hoffech chi ei ailgartrefu. A fyddech gystal \u00e2 lawrlwytho a chwblhau ffurflen gais a\u2019i chyflwyno dros e-bost i cartrefcwncaerdydd@caerdydd.gov.uk. Os oes gennych ardd, cofiwch gynnwys lluniau ohoni gyda\u2019ch cais. Os ydych yn gwneud cais i ailgartrefu ci Byddwn yn edrych ar eich cais o fewn 2 i 5 diwrnod calendr. Os cewch eich paru \u00e2\u2019r ci y gwnaethoch chi gais amdano, byddwn ni\u2019n cysylltu \u00e2 chi er mwyn gwneud apwyntiad i chi gwrdd \u00e2\u2019ch gilydd. Os na fyddwn ni\u2019n credu eich bod yn addas i gael y ci rydych chi wedi gwneud cais amdano neu os bydd y ci hwnnw wedi cael ei baru eisoes, byddwn ni\u2019n argymell ci arall os byddwn ni\u2019n teimlo bod gennym [&hellip;]<\/p>\n","protected":false},"author":11,"featured_media":0,"parent":457,"menu_order":0,"comment_status":"closed","ping_status":"closed","template":"","meta":{"_acf_changed":false,"footnotes":""},"class_list":["post-470","page","type-page","status-publish","hentry"],"acf":[],"_links":{"self":[{"href":"https:\/\/www.cardiffdogshome.co.uk\/cy\/wp-json\/wp\/v2\/pages\/470","targetHints":{"allow":["GET"]}}],"collection":[{"href":"https:\/\/www.cardiffdogshome.co.uk\/cy\/wp-json\/wp\/v2\/pages"}],"about":[{"href":"https:\/\/www.cardiffdogshome.co.uk\/cy\/wp-json\/wp\/v2\/types\/page"}],"author":[{"embeddable":true,"href":"https:\/\/www.cardiffdogshome.co.uk\/cy\/wp-json\/wp\/v2\/users\/11"}],"replies":[{"embeddable":true,"href":"https:\/\/www.cardiffdogshome.co.uk\/cy\/wp-json\/wp\/v2\/comments?post=470"}],"version-history":[{"count":8,"href":"https:\/\/www.cardiffdogshome.co.uk\/cy\/wp-json\/wp\/v2\/pages\/470\/revisions"}],"predecessor-version":[{"id":19280,"href":"https:\/\/www.cardiffdogshome.co.uk\/cy\/wp-json\/wp\/v2\/pages\/470\/revisions\/19280"}],"up":[{"embeddable":true,"href":"https:\/\/www.cardiffdogshome.co.uk\/cy\/wp-json\/wp\/v2\/pages\/457"}],"wp:attachment":[{"href":"https:\/\/www.cardiffdogshome.co.uk\/cy\/wp-json\/wp\/v2\/media?parent=470"}],"curies":[{"name":"wp","href":"https:\/\/api.w.org\/{rel}","templated":true}]}}