{"id":473,"date":"2018-03-20T10:38:57","date_gmt":"2018-03-20T10:38:57","guid":{"rendered":"http:\/\/dogshome.cardiffcouncilwebteam.co.uk\/?page_id=473"},"modified":"2025-09-24T08:31:40","modified_gmt":"2025-09-24T08:31:40","slug":"cerdded-cwn","status":"publish","type":"page","link":"https:\/\/www.cardiffdogshome.co.uk\/cy\/cefnogwch-ni\/cerdded-cwn\/","title":{"rendered":"Cofrestrwch i fod yn gerddwr c\u0175n"},"content":{"rendered":"<div class=\"wpb-content-wrapper\"><p>[vc_row][vc_column animation=&#8221;fade-in-from-right&#8221; width=&#8221;1\/1&#8243;][vc_column_text]<\/p>\n<h2>Cofrestru i fynd \u00e2 ch\u0175n am dro<\/h2>\n<p>[\/vc_column_text][vc_column_text]Os hoffech ddod yn gerddwr c\u0175n gwirfoddol, <a href=\"https:\/\/www.cardiffdogshome.co.uk\/cy\/cefnogwch-ni\/cerdded-cwn\/ffurflen-gofrestru-cerddwyr-cwn\/\">llenwch ein ffurflen<\/a>.<\/p>\n<p>Cofrestrwch i fod yn wirfoddolwr cerdded c\u0175n drwy gofrestru eich <a href=\"https:\/\/www.cardiffdogshome.co.uk\/cy\/cefnogwch-ni\/cerdded-cwn\/ffurflen-gofrestru-cerddwyr-cwn\/\">manylion a chadw<\/a> lle i un o\u2019r sesiynau sefydlu. Bydd y sesiwn sefydlu yn cymryd tua 1 awr a bydd yn cael ei chynnal yng Nghartref C\u0175n Caerdydd.<\/p>\n<p>A all unrhyw un a gadwyd ar sesiwn gyflwyno\u2019r llynedd wneud cais eto. Yn anffodus oherwydd nifer uchel y ceisiadau a gawsom y llynedd ni allwn gysylltu \u00e2 phawb.<\/p>\n<ul>\n<li>Rhaid i chi fod dros 18 oed i wirfoddoli.<\/li>\n<li>Cofiwch ddod \u00e2 dull adnabod sy\u2019n cynnwys llun arno gyda chi.<\/li>\n<li>Darllen ein Canllawiau ar gyfer <i class=\"fa fa-file-pdf-o\" aria-hidden=\"true\"><\/i> pobl sy&#8217;n mynd \u00e2 ch\u0175n am dro<\/li>\n<li>Caiff y ffurflenni eu dosbarthu yn y sesiynau sefydlu i chi eu llofnodi, ond mae croeso i chi lawrlwytho a dod \u00e2 chopi o\u2019r ffurflen sydd eisoes wedi\u2019i llofnodi gyda chi i arbed amser.<\/li>\n<li>Ar \u00f4l i chi gwblhau sesiwn sefydlu byddwn yn rhoi rhif personol i chi ac yna byddwch yn gallu mynd \u00e2\u2019ch ci cyntaf am dro!<\/li>\n<li>Cadwch rif eich cerddwr yn ddiogel gan y bydd angen hyn arnoch bob tro y byddwch yn cerdded ci.<\/li>\n<\/ul>\n<p>[\/vc_column_text][vc_tta_accordion title_tag=&#8221;h3&#8243; section_title_tag=&#8221;h3&#8243; color=&#8221;mulled-wine&#8221; active_section=&#8221;12&#8243; collapsible_all=&#8221;true&#8221;][vc_tta_section title=&#8221;Canllaw i Gerddwyr C\u0175n&#8221; tab_id=&#8221;guidance&#8221;][vc_column_text]Yr un rheol euraidd yw PEIDIWCH FYTH \u00e2 chaniat\u00e1u i unrhyw un o\u2019n c\u0175n ni ddod i gyswllt ag UNRHYW gi arall wrth fynd \u00e2 ch\u0175n am dro. Mae hyn yn arwain at broblemau. Gallwch osgoi c\u0175n eraill drwy ofyn i bobl sy\u2019n cerdded tuag atoch roi digon o le i chi, drwy groesi\u2019r ffordd, drwy gadw\u2019r ci ar dennyn byr ar ochr arall eich corff i bwy bynnag sy\u2019n cerdded heibio neu drwy droi i gerdded i\u2019r cyfeiriad arall. Os daw i\u2019r amlwg eich bod wedi caniat\u00e1u i g\u0175n eraill ddod i gyswllt agos \u00e2\u2019n c\u0175n ni, byddwch yn cael eich tynnu oddi ar y gofrestr cerddwyr c\u0175n. Ni allwn bwysleisio digon pa mor bwysig yw hyn.<\/p>\n<p>Gall staff wrthod gwirfoddolwyr os canfyddir nad ydynt yn dilyn y<br \/>\ncanllawiau.<\/p>\n<h3>Cyffredinol<\/h3>\n<ul>\n<li>Cewch gerdded c\u0175n saith diwrnod yr wythnos rhwng 8am a 4pm.<\/li>\n<li>Ar adegau prysur, efallai y bydd angen i chi aros am gi cyn mynd am dro.<\/li>\n<li>Wrth groesi\u2019r ffordd, cymerwch yr holl ragofalon arferol a sicrhewch eich bod yn sefyll i ffwrdd o\u2019r cwrbyn wrth aros i groesi. Daliwch y ci ar dennyn byr \u2013 bydd hyn yn cael ei ddangos i chi yn y sesiwn sefydlu.<\/li>\n<li>Lle bo\u2019n bosibl, dewch \u00e2\u2019ch tennyn slip eich hun (nid coler a thennyn arferol).<\/li>\n<li>Cofiwch roi gwybod i staff os yw eich cyfeiriad neu rifau ff\u00f4n yn newid.<\/li>\n<\/ul>\n<h3>Cyn mynd am dro<\/h3>\n<ul>\n<li>Cofiwch fewngofnodi a nodwch eich rhif cerddwr a\u2019ch rhif ff\u00f4n ar y ffurflen mewngofnodi\/allgofnodi yn y dderbynfa.<\/li>\n<li>Cofiwch wisgo eich siaced gwelededd uchel sydd ar gael yn y dderbynfa.<\/li>\n<li>Cofiwch fynd \u00e2 bagiau baw ci gyda chi.<\/li>\n<li>Cofiwch roi wybod i staff os oes gennych chi neu\u2019ch cleient anghenion<br \/>\npenodol (e.e. c\u0175n bach\/tawel yn unig).<\/li>\n<li>Cofiwch gario ff\u00f4n symudol i\u2019n ffonio mewn unrhyw argyfwng.<\/li>\n<li>Peidiwch \u00e2 mynd \u00e2 chi nad ydych yn hyderus ag ef am dro. Gofynnwch i\u2019r staff am gi arall.<\/li>\n<li>Peidiwch \u00e2 gadael i\u2019r ci rydych yn mynd ag ef am dro ddod i gyswllt \u00e2 chi<br \/>\narall &#8211; Rheol euraidd<\/li>\n<\/ul>\n<h3>Wrth fynd am dro<\/h3>\n<ul>\n<li>Cofiwch ddefnyddio bagiau baw ci os yw\u2019r ci\u2019n gadael baw. Mae&#8217;n drosedd peidio \u00e2 chodi baw ci a gall olygu na fyddwch yn cael mynd \u00e2 ch\u0175n am dro yn y dyfodol. Rhowch y bag yn y bin ar dop y l\u00f4n.<\/li>\n<li>Cofiwch gadw rheolaeth o\u2019r ci ar bob adeg.<\/li>\n<li>Cofiwch ffonio\u2019r Cartref C\u0175n ar 2071 1243 os bydd unrhyw beth yn digwydd wrth fynd am dro.<\/li>\n<li>Cofiwch ddychwelyd i\u2019r Cartref C\u0175n ar unwaith os ydych yn teimlo, ar \u00f4l<br \/>\ngadael, nad yw\u2019r ci\u2019n addas.<\/li>\n<li>Cofiwch ddilyn y llwybrau a argymhellir ar y mapiau a ddarperir a chadwch i ffwrdd o gwrbyn y llwybr cerdded wrth aros i groesi\u2019r ffordd.<\/li>\n<li>Cadwch y ci ar dennyn byr ar yr adeg hon.<\/li>\n<li>Cofiwch groesi ffyrdd prysur ar groesfannau diogel.<\/li>\n<li>Peidiwch \u00e2 rhoi eich wyneb na chaniat\u00e1u i unrhyw un arall roi eu hwyneb yn agos at y ci\/c\u0175n dan eich goruchwyliaeth chi.<\/li>\n<li>Peidiwch \u00e2 gadael i\u2019r ci fod oddi ar y tennyn ar unrhyw adeg.<\/li>\n<li>Peidiwch \u00e2 gadael i unrhyw un dan eich goruchwyliaeth ddal y tennyn os nad ydynt yn medru gwneud hynny.<\/li>\n<li>Peidiwch \u00e2 gadael i\u2019r ci fynd yn rhy agos neu ddod i gyswllt \u00e2 ch\u0175n eraill &#8211; Rheol euraidd<\/li>\n<\/ul>\n<h3>Yn \u00f4l yn y Cytiau<\/h3>\n<ul>\n<li>Arhoswch y tu allan os oes c\u0175n yn y dderbynfa cyn dychwelyd y ci.<\/li>\n<li>Cofiwch roi baw ci yn y bin y tu allan i\u2019r drws os nad ydych eisoes wedi ei<br \/>\ndaflu.<\/li>\n<li>Cofiwch roi gwybod i\u2019r staff os oes unrhyw beth wedi digwydd wrth fynd am dro neu os oes unrhyw faterion corfforol neu ymddygiadol wedi dod i\u2019r amlwg wrth fynd \u00e2\u2019r ci am dro.<\/li>\n<li>Cofiwch allgofnodi ar y ffurflen yn y dderbynfa. Cofiwch ddychwelyd eto!<\/li>\n<\/ul>\n<p>[\/vc_column_text][\/vc_tta_section][\/vc_tta_accordion]<div class=\"divider divider1\" style='margin:60px 0 60px 0 !important;'><\/div>[vc_column_text]<\/p>\n<h2><span class=\"HwtZe\" lang=\"cy\"><span class=\"jCAhz ChMk0b\"><span class=\"ryNqvb\">Cerddwyr cofrestredig <\/span><\/span><\/span><\/h2>\n<p><span class=\"HwtZe\" lang=\"cy\"><span class=\"jCAhz ChMk0b\"><span class=\"ryNqvb\">Os ydych chi&#8217;n gerddwr cofrestredig gallwch chi nawr droi i fyny yn ystod ein horiau cerdded c\u0175n: 8am \u2013 4.45pm o ddydd Llun i ddydd Iau ac 8am-4pm o ddydd Gwener i ddydd Sul.<\/span><\/span> <span class=\"jCAhz\"><span class=\"ryNqvb\">Nodwch fod yn rhaid i g\u0175n ddychwelyd i&#8217;r c\u0175n erbyn yr amseroedd gorffen.<\/span><\/span> <span class=\"jCAhz ChMk0b\"><span class=\"ryNqvb\">Rydym ar gau o hanner dydd \u2013 1pm bob dydd ac rydym yn cau am hanner dydd ar wyliau banc.<\/span><\/span> <\/span><\/p>\n<p><span class=\"HwtZe\" lang=\"cy\"><span class=\"jCAhz\"><span class=\"ryNqvb\">Diolch<\/span><\/span><\/span><\/p>\n<h2>Llwybrau cerdded lleol sy\u2019n addas i g\u0175n<\/h2>\n<p>Mae nifer o lwybrau o amgylch y cartref sy\u2019n addas ar gyfer mynd \u00e2 ch\u0175n am dro.<\/p>\n<ul>\n<li>Mae\u2019r <a href=\"https:\/\/www.outdoorcardiff.com\/cy\/cerdded\/llwybr-elai\/\">Llwybr Elai <\/a> yn dilyn yr Afon El\u00e1i o Fae Caerdydd i Sain Ffagan, taith o tua 7 milltir.<\/li>\n<li><a href=\"https:\/\/www.outdoorcardiff.com\/wp-content\/uploads\/Ely-Trail-Leaflet.pdf\">\u00a0Lawrlwytho map o&#8217;r llwybr\u00a0 (7.4mb PDF)<\/a><\/li>\n<\/ul>\n<p>[\/vc_column_text]<div class=\"single_image wpb_content_element align-center    \" data-animation=\"none\" data-delay=\"0\"><img decoding=\"async\" width=\"430\" height=\"95\" data-src=\"https:\/\/www.cardiffdogshome.co.uk\/wp-content\/uploads\/OutdoorLogo.jpg\" class=\"attachment-full lazyload\" alt=\"Outdoor Cardiff logo\" title=\"OutdoorLogo\" data-srcset=\"https:\/\/www.cardiffdogshome.co.uk\/wp-content\/uploads\/OutdoorLogo.jpg 430w, https:\/\/www.cardiffdogshome.co.uk\/wp-content\/uploads\/OutdoorLogo-300x66.jpg 300w\" data-sizes=\"(max-width: 430px) 100vw, 430px\" src=\"data:image\/svg+xml;base64,PHN2ZyB3aWR0aD0iMSIgaGVpZ2h0PSIxIiB4bWxucz0iaHR0cDovL3d3dy53My5vcmcvMjAwMC9zdmciPjwvc3ZnPg==\" style=\"--smush-placeholder-width: 430px; --smush-placeholder-aspect-ratio: 430\/95;\" \/><\/div>[vc_column_text]Mae parciau a mannau gwyrddion Caerdydd yn golygu mai\u2019r ddinas hon yw un o\u2019r dinasoedd gwyrddaf yn y DU.<\/p>\n<p>Mae\u00a0<a href=\"https:\/\/www.outdoorcardiff.com\/cy\/llwybrau\/dod-o-hyd-i-lwybr\/\">gwefan Awyr Agored Caerdydd <i class=\"fa fa-external-link\"><\/i><\/a>\u00a0yn cynnwys gwybodaeth am amrywiaeth o lwybrau cerdded o 1 milltir o hyd i deithiau hirach sydd oll ar garreg eich drws![\/vc_column_text][\/vc_column][\/vc_row][vc_row][vc_column width=&#8221;1\/1&#8243;]<div class=\"spacer\" style=\"height: 40px;\"><\/div>[vc_column_text]<\/p>\n<div id=\"fouling\">\n<h3 style=\"text-align: left;\"><strong>Baw C\u0175n <\/strong><\/h3>\n<p style=\"text-align: left;\">Mae\u2019n bosib y rhoddir\u00a0 Cosb Benodedig o \u00a380 \u2018yn y fan a\u2019r lle\u2019 i chi os cewch eich dal yn methu \u00e2 glanhau baw eich ci.<\/p>\n<ul>\n<li style=\"text-align: left;\"><a href=\"https:\/\/www.cardiff.gov.uk\/CYM\/preswylydd\/Sbwriel-ac-ailgylchu\/addysg-a-gorfodaeth-gwastraff\/baw-cwn\/Pages\/default.aspx\">Rhoi Gwybod am Faw C\u0175n<\/a><\/li>\n<li style=\"text-align: left;\"><a href=\"https:\/\/www.cardiff.gov.uk\/CYM\/preswylydd\/Sbwriel-ac-ailgylchu\/addysg-a-gorfodaeth-gwastraff\/Dirywion-gorfodi-gwastraff\/Pages\/default.aspx\">Talu&#8217;r Ddirwy<\/a><\/li>\n<\/ul>\n<\/div>\n<p>[\/vc_column_text][\/vc_column][\/vc_row]<\/p>\n<\/div>","protected":false},"excerpt":{"rendered":"<p>[vc_row][vc_column animation=&#8221;fade-in-from-right&#8221; width=&#8221;1\/1&#8243;][vc_column_text] Cofrestru i fynd \u00e2 ch\u0175n am dro [\/vc_column_text][vc_column_text]Os hoffech ddod yn gerddwr c\u0175n gwirfoddol, llenwch ein ffurflen. Cofrestrwch i fod yn wirfoddolwr cerdded c\u0175n drwy gofrestru eich manylion a chadw lle i un o\u2019r sesiynau sefydlu. Bydd y sesiwn sefydlu yn cymryd tua 1 awr a bydd yn cael ei chynnal yng Nghartref C\u0175n Caerdydd. A all unrhyw un a gadwyd ar sesiwn gyflwyno\u2019r llynedd wneud cais eto. Yn anffodus oherwydd nifer uchel y ceisiadau a gawsom y llynedd ni allwn gysylltu \u00e2 phawb. Rhaid i chi fod dros 18 oed i wirfoddoli. Cofiwch ddod \u00e2 dull adnabod sy\u2019n cynnwys llun arno gyda chi. Darllen ein Canllawiau ar gyfer pobl sy&#8217;n mynd \u00e2 ch\u0175n am dro Caiff y ffurflenni eu dosbarthu yn y sesiynau sefydlu i chi eu llofnodi, ond mae croeso i chi lawrlwytho a dod \u00e2 chopi o\u2019r ffurflen sydd eisoes wedi\u2019i llofnodi gyda chi i arbed amser. Ar \u00f4l i chi gwblhau sesiwn sefydlu byddwn yn rhoi rhif personol i chi ac yna byddwch yn gallu mynd \u00e2\u2019ch ci cyntaf am dro! Cadwch rif eich cerddwr yn ddiogel gan y bydd angen hyn arnoch bob tro y byddwch yn cerdded ci. [\/vc_column_text][vc_tta_accordion title_tag=&#8221;h3&#8243; section_title_tag=&#8221;h3&#8243; [&hellip;]<\/p>\n","protected":false},"author":11,"featured_media":0,"parent":472,"menu_order":0,"comment_status":"closed","ping_status":"closed","template":"","meta":{"_acf_changed":false,"footnotes":""},"class_list":["post-473","page","type-page","status-publish","hentry"],"acf":[],"_links":{"self":[{"href":"https:\/\/www.cardiffdogshome.co.uk\/cy\/wp-json\/wp\/v2\/pages\/473","targetHints":{"allow":["GET"]}}],"collection":[{"href":"https:\/\/www.cardiffdogshome.co.uk\/cy\/wp-json\/wp\/v2\/pages"}],"about":[{"href":"https:\/\/www.cardiffdogshome.co.uk\/cy\/wp-json\/wp\/v2\/types\/page"}],"author":[{"embeddable":true,"href":"https:\/\/www.cardiffdogshome.co.uk\/cy\/wp-json\/wp\/v2\/users\/11"}],"replies":[{"embeddable":true,"href":"https:\/\/www.cardiffdogshome.co.uk\/cy\/wp-json\/wp\/v2\/comments?post=473"}],"version-history":[{"count":8,"href":"https:\/\/www.cardiffdogshome.co.uk\/cy\/wp-json\/wp\/v2\/pages\/473\/revisions"}],"predecessor-version":[{"id":20857,"href":"https:\/\/www.cardiffdogshome.co.uk\/cy\/wp-json\/wp\/v2\/pages\/473\/revisions\/20857"}],"up":[{"embeddable":true,"href":"https:\/\/www.cardiffdogshome.co.uk\/cy\/wp-json\/wp\/v2\/pages\/472"}],"wp:attachment":[{"href":"https:\/\/www.cardiffdogshome.co.uk\/cy\/wp-json\/wp\/v2\/media?parent=473"}],"curies":[{"name":"wp","href":"https:\/\/api.w.org\/{rel}","templated":true}]}}